{"id":2,"date":"2024-02-05T18:08:37","date_gmt":"2024-02-05T18:08:37","guid":{"rendered":"https:\/\/andaimeslocamix.com.br\/?page_id=2"},"modified":"2026-04-13T23:39:10","modified_gmt":"2026-04-13T23:39:10","slug":"home","status":"publish","type":"page","link":"https:\/\/andaimeslocamix.com.br\/","title":{"rendered":"Home"},"content":{"rendered":"<p>[et_pb_section fb_built=&#8221;1&#8243; fullwidth=&#8221;on&#8221; admin_label=&#8221;Se\u00e7\u00e3o&#8221; _builder_version=&#8221;4.27.4&#8243; _module_preset=&#8221;default&#8221; background_image=&#8221;https:\/\/andaimeslocamix.com.br\/wp-content\/uploads\/2025\/07\/BANNER_LOCAMIX_2-optimized.jpg&#8221; transform_translate=&#8221;0px|-2px&#8221; width=&#8221;100%&#8221; max_width=&#8221;100%&#8221; bottom_divider_color=&#8221;#FFFFFF&#8221; hover_enabled=&#8221;0&#8243; global_colors_info=&#8221;{}&#8221; sticky_enabled=&#8221;0&#8243;][et_pb_fullwidth_header text_orientation=&#8221;center&#8221; header_fullscreen=&#8221;on&#8221; header_scroll_down=&#8221;on&#8221; background_overlay_color=&#8221;RGBA(255,255,255,0)&#8221; admin_label=&#8221;Cabe\u00e7alho de Largura Completa&#8221; _builder_version=&#8221;4.27.6&#8243; _module_preset=&#8221;default&#8221; title_font_size=&#8221;66px&#8221; subhead_font=&#8221;|700|||||||&#8221; subhead_text_color=&#8221;#FFFFFF&#8221; subhead_font_size=&#8221;25px&#8221; subhead_letter_spacing=&#8221;1px&#8221; subhead_line_height=&#8221;1.7em&#8221; background_enable_color=&#8221;off&#8221; background_image=&#8221;https:\/\/andaimeslocamix.com.br\/wp-content\/uploads\/2026\/04\/equipamentos-para-construcao-locamix-locacao-andaimes.png&#8221; background_size=&#8221;initial&#8221; background_blend=&#8221;overlay&#8221; custom_button_one=&#8221;on&#8221; button_one_text_color=&#8221;#FFFFFF&#8221; button_one_bg_color=&#8221;#E02B20&#8243; transform_scale=&#8221;108%|108%&#8221; transform_translate=&#8221;0px|-48px&#8221; min_height=&#8221;1001px&#8221; custom_padding=&#8221;||183px|||&#8221; hover_enabled=&#8221;0&#8243; title_font_size_tablet=&#8221;66px&#8221; title_font_size_phone=&#8221;36px&#8221; title_font_size_last_edited=&#8221;on|phone&#8221; subhead_font_size_tablet=&#8221;27px&#8221; subhead_font_size_phone=&#8221;21px&#8221; subhead_font_size_last_edited=&#8221;on|phone&#8221; subhead_line_height_tablet=&#8221;2.6em&#8221; subhead_line_height_phone=&#8221;1.4em&#8221; subhead_line_height_last_edited=&#8221;on|phone&#8221; title_text_shadow_style=&#8221;preset5&#8243; title_text_shadow_vertical_length=&#8221;0.07em&#8221; title_text_shadow_blur_strength=&#8221;0.09em&#8221; title_text_shadow_color=&#8221;#000000&#8243; subhead_text_shadow_style=&#8221;preset1&#8243; subhead_text_shadow_vertical_length=&#8221;0.13em&#8221; subhead_text_shadow_blur_strength=&#8221;0em&#8221; subhead_text_shadow_color=&#8221;#000000&#8243; global_colors_info=&#8221;{}&#8221; title_text=&#8221;equipamentos-para-construcao-locamix-locacao-andaimes&#8221; sticky_enabled=&#8221;0&#8243;][\/et_pb_fullwidth_header][\/et_pb_section][et_pb_section fb_built=&#8221;1&#8243; next_background_color=&#8221;#750606&#8243; admin_label=&#8221;Se\u00e7\u00e3o&#8221; _builder_version=&#8221;4.27.4&#8243; _module_preset=&#8221;default&#8221; bottom_divider_style=&#8221;curve&#8221; global_colors_info=&#8221;{}&#8221;][et_pb_row column_structure=&#8221;1_2,1_2&#8243; make_equal=&#8221;on&#8221; _builder_version=&#8221;4.27.4&#8243; _module_preset=&#8221;default&#8221; global_colors_info=&#8221;{}&#8221;][et_pb_column type=&#8221;1_2&#8243; _builder_version=&#8221;4.27.4&#8243; _module_preset=&#8221;default&#8221; global_colors_info=&#8221;{}&#8221;][et_pb_text admin_label=&#8221;Texto&#8221; _builder_version=&#8221;4.27.4&#8243; _module_preset=&#8221;default&#8221; global_colors_info=&#8221;{}&#8221;]<\/p>\n<h2 style=\"text-align: right;\">Loca\u00e7\u00e3o de Andaimes escoramentos e equipamentos el\u00e9tricos em Curitiba<\/h2>\n<p style=\"text-align: right;\">A <strong>LOCAMIX<\/strong> atua na \u00e1rea de <strong>loca\u00e7\u00e3o de andaimes e escoramentos met\u00e1licos em Curitiba. <\/strong>Nossas solu\u00e7\u00f5es s\u00e3o inteligentes, seguras e economicamente vi\u00e1veis, projetadas para atender todas as etapas da sua obra \u2014 seja voc\u00ea um pequeno, m\u00e9dio ou grande construtor.<\/p>\n<p>[\/et_pb_text][\/et_pb_column][et_pb_column type=&#8221;1_2&#8243; _builder_version=&#8221;4.27.4&#8243; _module_preset=&#8221;default&#8221; global_colors_info=&#8221;{}&#8221;][et_pb_video src=&#8221;https:\/\/youtube.com\/watch?v=GxpzrKfPpMQ&#038;si=w_xekzmIxrkMumKS&#8221; _builder_version=&#8221;4.27.4&#8243; _module_preset=&#8221;default&#8221; global_colors_info=&#8221;{}&#8221; src__hover_enabled=&#8221;on|desktop&#8221; src__hover=&#8221;https:\/\/youtube.com\/watch?v=GxpzrKfPpMQ&#038;si=w_xekzmIxrkMumKS&#8221;][\/et_pb_video][\/et_pb_column][\/et_pb_row][et_pb_row column_structure=&#8221;1_2,1_2&#8243; make_equal=&#8221;on&#8221; _builder_version=&#8221;4.27.4&#8243; _module_preset=&#8221;default&#8221; global_colors_info=&#8221;{}&#8221;][et_pb_column type=&#8221;1_2&#8243; _builder_version=&#8221;4.27.4&#8243; _module_preset=&#8221;default&#8221; global_colors_info=&#8221;{}&#8221;][et_pb_image src=&#8221;https:\/\/andaimeslocamix.com.br\/wp-content\/uploads\/2025\/08\/equipamentos-para-construcao-locamix-curitiba-optimized.jpg&#8221; alt=&#8221;equipamentos-para-construcao-locamix-curitiba&#8221; title_text=&#8221;equipamentos-para-construcao-locamix&#8221; _builder_version=&#8221;4.27.4&#8243; _module_preset=&#8221;default&#8221; global_colors_info=&#8221;{}&#8221;][\/et_pb_image][\/et_pb_column][et_pb_column type=&#8221;1_2&#8243; _builder_version=&#8221;4.27.4&#8243; _module_preset=&#8221;default&#8221; global_colors_info=&#8221;{}&#8221;][et_pb_text _builder_version=&#8221;4.27.4&#8243; _module_preset=&#8221;default&#8221; global_colors_info=&#8221;{}&#8221;]<\/p>\n<p style=\"text-align: left;\">Entendemos que cada obra exige praticidade, seguran\u00e7a e economia. Por isso, oferecemos solu\u00e7\u00f5es completas em loca\u00e7\u00e3o de equipamentos para constru\u00e7\u00e3o civil, atendendo desde pequenas reformas at\u00e9 grandes projetos. Nosso compromisso \u00e9 oferecer praticidade e confian\u00e7a para que voc\u00ea possa se concentrar no que realmente importa: a realiza\u00e7\u00e3o do\u00a0seu\u00a0projeto.<\/p>\n<p>[\/et_pb_text][\/et_pb_column][\/et_pb_row][et_pb_row column_structure=&#8221;1_2,1_2&#8243; make_equal=&#8221;on&#8221; _builder_version=&#8221;4.27.4&#8243; _module_preset=&#8221;default&#8221; global_colors_info=&#8221;{}&#8221;][et_pb_column type=&#8221;1_2&#8243; _builder_version=&#8221;4.27.4&#8243; _module_preset=&#8221;default&#8221; global_colors_info=&#8221;{}&#8221;][et_pb_text _builder_version=&#8221;4.27.4&#8243; _module_preset=&#8221;default&#8221; global_colors_info=&#8221;{}&#8221;]<\/p>\n<h1 style=\"text-align: right;\">Nossa miss\u00e3o<\/h1>\n<p style=\"text-align: right;\">Nossa miss\u00e3o \u00e9 oferecer solu\u00e7\u00f5es completas e eficientes para atender as necessidades de nossos clientes, sempre priorizando qualidade, seguran\u00e7a e inova\u00e7\u00e3o, do desenvolvimento a entrega de cada projeto e equipamento, assegurando que sua obra tenha a melhor infraestrutura.<\/p>\n<p style=\"text-align: right;\">Conte com a LOCAMIX para a melhor experi\u00eancia em <strong>loca\u00e7\u00e3o de andaimes, escoramentos e equipamentos el\u00e9tricos em Curitiba<\/strong>. Nossa equipe garante agilidade, suporte t\u00e9cnico e equipamentos seguros para todas as fases da sua obra.<\/p>\n<p>[\/et_pb_text][\/et_pb_column][et_pb_column type=&#8221;1_2&#8243; _builder_version=&#8221;4.27.4&#8243; _module_preset=&#8221;default&#8221; global_colors_info=&#8221;{}&#8221;][et_pb_image src=&#8221;https:\/\/andaimeslocamix.com.br\/wp-content\/uploads\/2025\/12\/locacao-de-andaimes-locamix-optimized.webp&#8221; alt=&#8221;locacao-de-andaimes-locamix-Curitiba&#8221; title_text=&#8221;locacao-de-andaimes-locamix&#8221; align=&#8221;center&#8221; admin_label=&#8221;Imagem&#8221; _builder_version=&#8221;4.27.5&#8243; _module_preset=&#8221;default&#8221; custom_margin_tablet=&#8221;&#8221; custom_margin_phone=&#8221;20px||||false|false&#8221; custom_margin_last_edited=&#8221;on|phone&#8221; box_shadow_style=&#8221;preset2&#8243; global_colors_info=&#8221;{}&#8221;][\/et_pb_image][\/et_pb_column][\/et_pb_row][\/et_pb_section][et_pb_section fb_built=&#8221;1&#8243; _builder_version=&#8221;4.27.4&#8243; _module_preset=&#8221;default&#8221; background_color=&#8221;#750606&#8243; global_colors_info=&#8221;{}&#8221;][et_pb_row _builder_version=&#8221;4.27.4&#8243; _module_preset=&#8221;default&#8221; global_colors_info=&#8221;{}&#8221;][et_pb_column type=&#8221;4_4&#8243; _builder_version=&#8221;4.27.4&#8243; _module_preset=&#8221;default&#8221; global_colors_info=&#8221;{}&#8221;][et_pb_image src=&#8221;https:\/\/andaimeslocamix.com.br\/wp-content\/uploads\/2025\/12\/equipamentos_locacao_adanimex_locamix-optimized.webp&#8221; alt=&#8221;equipamentos para loca\u00e7\u00e3o, ferramentas, andaimes, equipamentos&#8221; title_text=&#8221;equipamentos_locacao_adanimex_locamix&#8221; src_tablet=&#8221;https:\/\/andaimeslocamix.com.br\/wp-content\/uploads\/2025\/01\/equipamentos-optimized.jpg&#8221; src_phone=&#8221;https:\/\/andaimeslocamix.com.br\/wp-content\/uploads\/2025\/01\/equip_mobile-optimized.jpg&#8221; src_last_edited=&#8221;on|phone&#8221; _builder_version=&#8221;4.27.5&#8243; _module_preset=&#8221;default&#8221; custom_margin=&#8221;||-3px|||&#8221; global_colors_info=&#8221;{}&#8221;][\/et_pb_image][et_pb_cta title=&#8221;Consulte nossos Equipamentos&#8221; button_url=&#8221;https:\/\/andaimeslocamix.com.br\/index.php\/equipamentos\/&#8221; button_text=&#8221;Consulte&#8221; _builder_version=&#8221;4.27.4&#8243; _module_preset=&#8221;default&#8221; header_level=&#8221;h1&#8243; background_color=&#8221;#000000&#8243; custom_button=&#8221;on&#8221; button_text_color=&#8221;#FFFFFF&#8221; button_bg_color=&#8221;#E02B20&#8243; global_colors_info=&#8221;{}&#8221;]<\/p>\n<p>Nosso mix de equipamentos para loca\u00e7\u00e3o abrange andaimes, escoramentos, guincho de coluna, martelo rompedor, cortadora de piso, compactador de solo, lizadeira, mini grua, martelete, aspirador de p\u00f3 e muito mais.<\/p>\n<p>[\/et_pb_cta][\/et_pb_column][\/et_pb_row][\/et_pb_section]<\/p>\n","protected":false},"excerpt":{"rendered":"<p>Loca\u00e7\u00e3o de Andaimes escoramentos e equipamentos el\u00e9tricos em Curitiba A LOCAMIX atua na \u00e1rea de loca\u00e7\u00e3o de andaimes e escoramentos met\u00e1licos em Curitiba. Nossas solu\u00e7\u00f5es s\u00e3o inteligentes, seguras e economicamente vi\u00e1veis, projetadas para atender todas as etapas da sua obra \u2014 seja voc\u00ea um pequeno, m\u00e9dio ou grande construtor.Entendemos que cada obra exige praticidade, seguran\u00e7a [&hellip;]<\/p>\n","protected":false},"author":1,"featured_media":0,"parent":0,"menu_order":0,"comment_status":"closed","ping_status":"closed","template":"","meta":{"_et_pb_use_builder":"on","_et_pb_old_content":"<!-- wp:paragraph -->\r\n<p>This is an example page. It's different from a blog post because it will stay in one place and will show up in your site navigation (in most themes). Most people start with an About page that introduces them to potential site visitors. It might say something like this:<\/p>\r\n<!-- \/wp:paragraph -->\r\n\r\n<!-- wp:quote -->\r\n<blockquote class=\"wp-block-quote\"><p>Hi there! I'm a bike messenger by day, aspiring actor by night, and this is my website. I live in Los Angeles, have a great dog named Jack, and I like pi\u00f1a coladas. (And gettin' caught in the rain.)<\/p><\/blockquote>\r\n<!-- \/wp:quote -->\r\n\r\n<!-- wp:paragraph -->\r\n<p>...or something like this:<\/p>\r\n<!-- \/wp:paragraph -->\r\n\r\n<!-- wp:quote -->\r\n<blockquote class=\"wp-block-quote\"><p>The XYZ Doohickey Company was founded in 1971, and has been providing quality doohickeys to the public ever since. Located in Gotham City, XYZ employs over 2,000 people and does all kinds of awesome things for the Gotham community.<\/p><\/blockquote>\r\n<!-- \/wp:quote -->\r\n\r\n<!-- wp:paragraph -->\r\n<p>As a new WordPress user, you should go to <a href=\"https:\/\/andaimeslocamix.com.br\/wp-admin\/\">your dashboard<\/a> to delete this page and create new pages for your content. Have fun!<\/p>\r\n<!-- \/wp:paragraph -->","_et_gb_content_width":"","_joinchat":[],"footnotes":""},"class_list":["post-2","page","type-page","status-publish","hentry"],"_links":{"self":[{"href":"https:\/\/andaimeslocamix.com.br\/index.php\/wp-json\/wp\/v2\/pages\/2","targetHints":{"allow":["GET"]}}],"collection":[{"href":"https:\/\/andaimeslocamix.com.br\/index.php\/wp-json\/wp\/v2\/pages"}],"about":[{"href":"https:\/\/andaimeslocamix.com.br\/index.php\/wp-json\/wp\/v2\/types\/page"}],"author":[{"embeddable":true,"href":"https:\/\/andaimeslocamix.com.br\/index.php\/wp-json\/wp\/v2\/users\/1"}],"replies":[{"embeddable":true,"href":"https:\/\/andaimeslocamix.com.br\/index.php\/wp-json\/wp\/v2\/comments?post=2"}],"version-history":[{"count":14,"href":"https:\/\/andaimeslocamix.com.br\/index.php\/wp-json\/wp\/v2\/pages\/2\/revisions"}],"predecessor-version":[{"id":368,"href":"https:\/\/andaimeslocamix.com.br\/index.php\/wp-json\/wp\/v2\/pages\/2\/revisions\/368"}],"wp:attachment":[{"href":"https:\/\/andaimeslocamix.com.br\/index.php\/wp-json\/wp\/v2\/media?parent=2"}],"curies":[{"name":"wp","href":"https:\/\/api.w.org\/{rel}","templated":true}]}}